{"id":2,"date":"2017-01-19T10:41:33","date_gmt":"2017-01-19T10:41:33","guid":{"rendered":"http:\/\/kwiaciarniabratek.szczecin.pl\/?page_id=2"},"modified":"2019-02-08T11:11:09","modified_gmt":"2019-02-08T11:11:09","slug":"about","status":"publish","type":"page","link":"https:\/\/kwiaciarniabratek.szczecin.pl\/","title":{"rendered":"Strona g\u0142\u00f3wna"},"content":{"rendered":"<p>[et_pb_section bb_built=&#8221;1&#8243; fullwidth=&#8221;on&#8221; specialty=&#8221;off&#8221; _builder_version=&#8221;3.0.95&#8243; module_id=&#8221;witamy&#8221; next_background_color=&#8221;#e52320&#8243;][et_pb_fullwidth_slider _builder_version=&#8221;3.19.12&#8243; show_arrows=&#8221;off&#8221; show_pagination=&#8221;off&#8221; custom_css_main_element=&#8221;height: 100vh;&#8221; auto=&#8221;on&#8221; auto_speed=&#8221;4000&#8243; auto_ignore_hover=&#8221;on&#8221; box_shadow_horizontal=&#8221;0px&#8221; box_shadow_vertical=&#8221;0px&#8221; box_shadow_blur=&#8221;10px&#8221; box_shadow_spread=&#8221;0px&#8221; box_shadow_position=&#8221;inner&#8221; box_shadow_color=&#8221;rgba(0,0,0,0.1)&#8221; button_text_size__hover_enabled=&#8221;off&#8221; button_text_size__hover=&#8221;null&#8221; button_one_text_size__hover_enabled=&#8221;off&#8221; button_one_text_size__hover=&#8221;null&#8221; button_two_text_size__hover_enabled=&#8221;off&#8221; button_two_text_size__hover=&#8221;null&#8221; button_text_color__hover_enabled=&#8221;off&#8221; button_text_color__hover=&#8221;null&#8221; button_one_text_color__hover_enabled=&#8221;off&#8221; button_one_text_color__hover=&#8221;null&#8221; button_two_text_color__hover_enabled=&#8221;off&#8221; button_two_text_color__hover=&#8221;null&#8221; button_border_width__hover_enabled=&#8221;off&#8221; button_border_width__hover=&#8221;null&#8221; button_one_border_width__hover_enabled=&#8221;off&#8221; button_one_border_width__hover=&#8221;null&#8221; button_two_border_width__hover_enabled=&#8221;off&#8221; button_two_border_width__hover=&#8221;null&#8221; button_border_color__hover_enabled=&#8221;off&#8221; button_border_color__hover=&#8221;null&#8221; button_one_border_color__hover_enabled=&#8221;off&#8221; button_one_border_color__hover=&#8221;null&#8221; button_two_border_color__hover_enabled=&#8221;off&#8221; button_two_border_color__hover=&#8221;null&#8221; button_border_radius__hover_enabled=&#8221;off&#8221; button_border_radius__hover=&#8221;null&#8221; button_one_border_radius__hover_enabled=&#8221;off&#8221; button_one_border_radius__hover=&#8221;null&#8221; button_two_border_radius__hover_enabled=&#8221;off&#8221; button_two_border_radius__hover=&#8221;null&#8221; button_letter_spacing__hover_enabled=&#8221;off&#8221; button_letter_spacing__hover=&#8221;null&#8221; button_one_letter_spacing__hover_enabled=&#8221;off&#8221; button_one_letter_spacing__hover=&#8221;null&#8221; button_two_letter_spacing__hover_enabled=&#8221;off&#8221; button_two_letter_spacing__hover=&#8221;null&#8221; button_bg_color__hover_enabled=&#8221;off&#8221; button_bg_color__hover=&#8221;null&#8221; button_one_bg_color__hover_enabled=&#8221;off&#8221; button_one_bg_color__hover=&#8221;null&#8221; button_two_bg_color__hover_enabled=&#8221;off&#8221; button_two_bg_color__hover=&#8221;null&#8221;][et_pb_slide _builder_version=&#8221;3.19.12&#8243; heading=&#8221;Kwiaciarnia Bratek&#8221; use_background_color_gradient=&#8221;off&#8221; background_color_gradient_start=&#8221;#2b87da&#8221; background_color_gradient_end=&#8221;#29c4a9&#8243; background_color_gradient_type=&#8221;linear&#8221; background_color_gradient_direction=&#8221;180deg&#8221; background_color_gradient_direction_radial=&#8221;center&#8221; background_color_gradient_start_position=&#8221;0%&#8221; background_color_gradient_end_position=&#8221;100%&#8221; background_color_gradient_overlays_image=&#8221;off&#8221; background_image=&#8221;https:\/\/kwiaciarniabratek.szczecin.pl\/wp-content\/uploads\/2017\/01\/logo2.jpg&#8221; parallax=&#8221;on&#8221; parallax_method=&#8221;on&#8221; background_size=&#8221;cover&#8221; background_position=&#8221;center&#8221; background_repeat=&#8221;no-repeat&#8221; background_blend=&#8221;normal&#8221; allow_player_pause=&#8221;off&#8221; use_bg_overlay=&#8221;off&#8221; use_text_overlay=&#8221;on&#8221; text_border_radius=&#8221;3&#8243; alignment=&#8221;center&#8221; child_filter_hue_rotate=&#8221;0deg&#8221; child_filter_saturate=&#8221;100%&#8221; child_filter_brightness=&#8221;100%&#8221; child_filter_contrast=&#8221;100%&#8221; child_filter_invert=&#8221;0%&#8221; child_filter_sepia=&#8221;0%&#8221; child_filter_opacity=&#8221;100%&#8221; child_filter_blur=&#8221;0px&#8221; child_mix_blend_mode=&#8221;normal&#8221; background_layout=&#8221;dark&#8221; custom_button=&#8221;off&#8221; button_bg_use_color_gradient=&#8221;off&#8221; button_bg_color_gradient_overlays_image=&#8221;off&#8221; button_use_icon=&#8221;on&#8221; button_on_hover=&#8221;on&#8221; custom_css_main_element=&#8221;height: 100vh;&#8221; text_overlay_color=&#8221;rgba(209,209,209,0.42)&#8221; header_font=&#8221;|600|||||||&#8221; header_font_size=&#8221;36&#8243; header_font_size_tablet=&#8221;36&#8243; header_font_size_phone=&#8221;36&#8243; button_link=&#8221;#&#8221; url_new_window=&#8221;off&#8221; link_option_url_new_window=&#8221;off&#8221; background_color=&#8221;#7EBEC5&#8243; background_video_pause_outside_viewport=&#8221;on&#8221; text_shadow_style=&#8221;none&#8221; header_text_shadow_style=&#8221;none&#8221; body_text_shadow_style=&#8221;none&#8221; button_text_shadow_style=&#8221;none&#8221; box_shadow_style_button=&#8221;none&#8221; hover_transition_duration=&#8221;300ms&#8221; hover_transition_delay=&#8221;0ms&#8221; hover_transition_speed_curve=&#8221;ease&#8221; \/][et_pb_slide _builder_version=&#8221;3.19.12&#8243; heading=&#8221;Cmentarz Szczecin&#8221; use_background_color_gradient=&#8221;off&#8221; background_color_gradient_start=&#8221;#2b87da&#8221; background_color_gradient_end=&#8221;#29c4a9&#8243; background_color_gradient_type=&#8221;linear&#8221; background_color_gradient_direction=&#8221;180deg&#8221; background_color_gradient_direction_radial=&#8221;center&#8221; background_color_gradient_start_position=&#8221;0%&#8221; background_color_gradient_end_position=&#8221;100%&#8221; background_color_gradient_overlays_image=&#8221;off&#8221; background_image=&#8221;https:\/\/kwiaciarniabratek.szczecin.pl\/wp-content\/uploads\/2018\/01\/slide_fhd.jpg&#8221; parallax=&#8221;on&#8221; parallax_method=&#8221;on&#8221; background_size=&#8221;cover&#8221; background_position=&#8221;center&#8221; background_repeat=&#8221;no-repeat&#8221; background_blend=&#8221;normal&#8221; allow_player_pause=&#8221;off&#8221; use_bg_overlay=&#8221;off&#8221; use_text_overlay=&#8221;on&#8221; text_border_radius=&#8221;3&#8243; alignment=&#8221;center&#8221; child_filter_hue_rotate=&#8221;0deg&#8221; child_filter_saturate=&#8221;100%&#8221; child_filter_brightness=&#8221;100%&#8221; child_filter_contrast=&#8221;100%&#8221; child_filter_invert=&#8221;0%&#8221; child_filter_sepia=&#8221;0%&#8221; child_filter_opacity=&#8221;100%&#8221; child_filter_blur=&#8221;0px&#8221; child_mix_blend_mode=&#8221;normal&#8221; background_layout=&#8221;dark&#8221; custom_button=&#8221;off&#8221; button_bg_use_color_gradient=&#8221;off&#8221; button_bg_color_gradient_overlays_image=&#8221;off&#8221; button_use_icon=&#8221;on&#8221; button_on_hover=&#8221;on&#8221; custom_css_main_element=&#8221;height: 100vh;&#8221; text_overlay_color=&#8221;rgba(209,209,209,0.42)&#8221; header_font=&#8221;|600|||||||&#8221; header_font_size=&#8221;36&#8243; header_font_size_tablet=&#8221;36&#8243; header_font_size_phone=&#8221;36&#8243; button_link=&#8221;#&#8221; url_new_window=&#8221;off&#8221; link_option_url_new_window=&#8221;off&#8221; background_color=&#8221;#7EBEC5&#8243; background_video_pause_outside_viewport=&#8221;on&#8221; text_shadow_style=&#8221;none&#8221; header_text_shadow_style=&#8221;none&#8221; body_text_shadow_style=&#8221;none&#8221; button_text_shadow_style=&#8221;none&#8221; box_shadow_style_button=&#8221;none&#8221; hover_transition_duration=&#8221;300ms&#8221; hover_transition_delay=&#8221;0ms&#8221; hover_transition_speed_curve=&#8221;ease&#8221; \/][et_pb_slide _builder_version=&#8221;3.19.12&#8243; heading=&#8221;Wi\u0105zanki na ka\u017cd\u0105 okazj\u0119&#8221; use_background_color_gradient=&#8221;off&#8221; background_color_gradient_start=&#8221;#2b87da&#8221; background_color_gradient_end=&#8221;#29c4a9&#8243; background_color_gradient_type=&#8221;linear&#8221; background_color_gradient_direction=&#8221;180deg&#8221; background_color_gradient_direction_radial=&#8221;center&#8221; background_color_gradient_start_position=&#8221;0%&#8221; background_color_gradient_end_position=&#8221;100%&#8221; background_color_gradient_overlays_image=&#8221;off&#8221; background_image=&#8221;https:\/\/kwiaciarniabratek.szczecin.pl\/wp-content\/uploads\/2018\/01\/slide_fhd1.jpg&#8221; parallax=&#8221;on&#8221; parallax_method=&#8221;on&#8221; background_size=&#8221;cover&#8221; background_position=&#8221;center&#8221; background_repeat=&#8221;no-repeat&#8221; background_blend=&#8221;normal&#8221; allow_player_pause=&#8221;off&#8221; use_bg_overlay=&#8221;off&#8221; use_text_overlay=&#8221;on&#8221; text_border_radius=&#8221;3&#8243; alignment=&#8221;center&#8221; child_filter_hue_rotate=&#8221;0deg&#8221; child_filter_saturate=&#8221;100%&#8221; child_filter_brightness=&#8221;100%&#8221; child_filter_contrast=&#8221;100%&#8221; child_filter_invert=&#8221;0%&#8221; child_filter_sepia=&#8221;0%&#8221; child_filter_opacity=&#8221;100%&#8221; child_filter_blur=&#8221;0px&#8221; child_mix_blend_mode=&#8221;normal&#8221; background_layout=&#8221;dark&#8221; custom_button=&#8221;off&#8221; button_bg_use_color_gradient=&#8221;off&#8221; button_bg_color_gradient_overlays_image=&#8221;off&#8221; button_use_icon=&#8221;on&#8221; button_on_hover=&#8221;on&#8221; custom_css_main_element=&#8221;height: 100vh;&#8221; text_overlay_color=&#8221;rgba(209,209,209,0.42)&#8221; header_font=&#8221;|600|||||||&#8221; header_font_size=&#8221;36&#8243; header_font_size_tablet=&#8221;36&#8243; header_font_size_phone=&#8221;36&#8243; button_link=&#8221;#&#8221; url_new_window=&#8221;off&#8221; link_option_url_new_window=&#8221;off&#8221; background_color=&#8221;#7EBEC5&#8243; background_video_pause_outside_viewport=&#8221;on&#8221; text_shadow_style=&#8221;none&#8221; header_text_shadow_style=&#8221;none&#8221; body_text_shadow_style=&#8221;none&#8221; button_text_shadow_style=&#8221;none&#8221; box_shadow_style_button=&#8221;none&#8221; hover_transition_duration=&#8221;300ms&#8221; hover_transition_delay=&#8221;0ms&#8221; hover_transition_speed_curve=&#8221;ease&#8221; \/][\/et_pb_fullwidth_slider][\/et_pb_section][et_pb_section bb_built=&#8221;1&#8243; _builder_version=&#8221;3.0.95&#8243; background_color=&#8221;#e52320&#8243; prev_background_color=&#8221;#ffffff&#8221; next_background_color=&#8221;#ffffff&#8221;][et_pb_row _builder_version=&#8221;3.0.95&#8243;][et_pb_column type=&#8221;4_4&#8243;][et_pb_text admin_label=&#8221;AkcjaPromocyjna&#8221; _builder_version=&#8221;3.0.95&#8243; background_layout=&#8221;dark&#8221; text_text_color=&#8221;#f4f4f4&#8243;]<\/p>\n<h1 style=\"text-align: center;\"><strong>Akcja promocyjna<\/strong><\/h1>\n<h3><\/h3>\n<h3 style=\"text-align: center;\"><strong>Na has\u0142o BRATEK przy zam\u00f3wieniu wi\u0105zanek lub wie\u0144c\u00f3w 10% rabatu.<\/strong><\/h3>\n<p>[\/et_pb_text][\/et_pb_column][\/et_pb_row][\/et_pb_section][et_pb_section bb_built=&#8221;1&#8243; fullwidth=&#8221;off&#8221; specialty=&#8221;off&#8221; _builder_version=&#8221;3.0.95&#8243; module_id=&#8221;oferta&#8221; prev_background_color=&#8221;#e52320&#8243; next_background_color=&#8221;#cecece&#8221;][et_pb_row][et_pb_column type=&#8221;4_4&#8243;][et_pb_text admin_label=&#8221;oferta&#8221; _builder_version=&#8221;3.0.95&#8243; background_layout=&#8221;light&#8221;]<\/p>\n<h1><strong>Witamy w kwiaciarni &#8222;Bratek&#8221;<\/strong><\/h1>\n<p>Nasi klienci maj\u0105 szeroki wyb\u00f3r wi\u0105zanek okoliczno\u015bciowych m.in.:<\/p>\n<ul>\n<li>wie\u0144ce pogrzebowe koszt od 250 z\u0142<\/li>\n<li>wi\u0105zanki pogrzebowe koszt od 120 z\u0142<\/li>\n<li>kwiaty i wi\u0105zanki okoliczno\u015bciowe<\/li>\n<li>kwiaty rabatowe i balkonowe<\/li>\n<li>kwiaty, wie\u0144ce sztuczne<\/li>\n<li>stroiki sztuczne i naturalne<\/li>\n<li>du\u017cy wyb\u00f3r zniczy oraz wk\u0142ad\u00f3w<\/li>\n<li>ample<\/li>\n<li>kwiaty doniczkowe<\/li>\n<\/ul>\n<p>Zapraszamy do naszej galerii.<\/p>\n<h3><a href=\"https:\/\/www.facebook.com\/Kwiaciarnia-Bratek-Ewa-Szymocha-597700600419698\/\">Polub nas na Facebook<\/a><\/h3>\n<p style=\"text-align: right;\"><strong>Kwiaciarnia &#8222;Bratek&#8221; <\/strong><strong>W\u0142a\u015bciciel Ewa Szymocha<\/strong><\/p>\n<p>[\/et_pb_text][\/et_pb_column][\/et_pb_row][\/et_pb_section][et_pb_section bb_built=&#8221;1&#8243; fullwidth=&#8221;off&#8221; specialty=&#8221;off&#8221; _builder_version=&#8221;3.0.95&#8243; module_id=&#8221;ofirmie&#8221; background_color=&#8221;#cecece&#8221; prev_background_color=&#8221;#ffffff&#8221; next_background_color=&#8221;#ffffff&#8221;][et_pb_row][et_pb_column type=&#8221;4_4&#8243;][et_pb_text admin_label=&#8221;O Firmie&#8221; _builder_version=&#8221;3.0.95&#8243; background_layout=&#8221;light&#8221;]<\/p>\n<h1>O firmie<\/h1>\n<div class=\"entry-content\">Nasza firma dzia\u0142a na rynku szczeci\u0144skim od ponad 20 lat. Kwiaciarnia znajduje si\u0119 na terenie Cmentarza Centralnego w Szczecinie a dok\u0142adniej przy II bramie. Cieszymy si\u0119 dobra opinia naszych klient\u00f3w, wi\u0119c zrobimy wszystko \u017ceby\u015b i Ty by\u0142 zadowolony, \u017ceby\u015b m\u00f3g\u0142 poleci\u0107 nas swoim znajomym. Dzi\u0119kujemy za czas po\u015bwi\u0119cony dla nas.<\/div>\n<p>[\/et_pb_text][\/et_pb_column][\/et_pb_row][\/et_pb_section][et_pb_section bb_built=&#8221;1&#8243; fullwidth=&#8221;off&#8221; specialty=&#8221;off&#8221; _builder_version=&#8221;3.0.95&#8243; module_id=&#8221;galeria&#8221; prev_background_color=&#8221;#cecece&#8221; next_background_color=&#8221;#e0e0e0&#8243;][et_pb_row][et_pb_column type=&#8221;4_4&#8243;][et_pb_text admin_label=&#8221;Galeria-tytul&#8221; _builder_version=&#8221;3.0.95&#8243; background_layout=&#8221;light&#8221;]<\/p>\n<h1>Galeria<\/h1>\n<p>[\/et_pb_text][et_pb_gallery admin_label=&#8221;Galeria-fotosy&#8221; _builder_version=&#8221;3.19.12&#8243; show_title_and_caption=&#8221;off&#8221; show_pagination=&#8221;off&#8221; zoom_icon_color=&#8221;#2ea3f2&#8243; hover_overlay_color=&#8221;rgba(255,255,255,0.9)&#8221; pagination_font_size_tablet=&#8221;51&#8243; pagination_line_height_tablet=&#8221;2&#8243; gallery_ids=&#8221;130,129,128,127,126,125,124,123,122,121,120,119,110,109,108,107,106,105,104,103,102,101,100,99,98,97,96,91,88,87,85,84,83,82,81,80,79,78,77,76,73,72,71,70,69,68,65,64,63,61,60,59,58,57,53,27,26,28,254,255,256,257,258,259,260,261,262,263,264,265,266,267,268,269,270,271,272,273,274,275,283,284,285,286,287,288,289,290,291,292,293,294,295,296,297,298,299,300,301,302,303,304,305,306&#8243; gallery_orderby=&#8221;rand&#8221; \/][\/et_pb_column][\/et_pb_row][\/et_pb_section][et_pb_section bb_built=&#8221;1&#8243; fullwidth=&#8221;off&#8221; specialty=&#8221;off&#8221; _builder_version=&#8221;3.0.95&#8243; module_id=&#8221;kontakt&#8221; background_color=&#8221;#e0e0e0&#8243; prev_background_color=&#8221;#ffffff&#8221; next_background_color=&#8221;#ffffff&#8221;][et_pb_row][et_pb_column type=&#8221;1_2&#8243;][et_pb_text admin_label=&#8221;Kontakt&#8221; _builder_version=&#8221;3.0.95&#8243; background_layout=&#8221;light&#8221;]<\/p>\n<h1>Kontakt<\/h1>\n<p>[\/et_pb_text][et_pb_text admin_label=&#8221;DaneAdresowe&#8221; _builder_version=&#8221;3.0.95&#8243; background_layout=&#8221;light&#8221;]<\/p>\n<p>\nKwiaciarnia \u201eBratek\u201d II Brama Cmentarz Centralny Szczecin ul. Ku S\u0142o\u0144cu 124B Szczecin NIP: 955-117-41-14 tel. 504-953-970 Godziny otwarcia:<\/p>\n<ul>\n<li>Okres letni 8.00 \u2013 19.00 (marzec \u2013 listopad)<\/li>\n<li>Okres zimowy 8.00 \u2013 16.00<\/li>\n<\/ul>\n<p>[\/et_pb_text][\/et_pb_column][et_pb_column type=&#8221;1_2&#8243;][et_pb_text _builder_version=&#8221;3.0.95&#8243; background_layout=&#8221;light&#8221;]<\/p>\n<h1>Formularz Kontaktowy<\/h1>\n<p>[\/et_pb_text][et_pb_contact_form _builder_version=&#8221;3.0.95&#8243; captcha=&#8221;on&#8221; use_redirect=&#8221;off&#8221; custom_button=&#8221;off&#8221; button_icon_placement=&#8221;right&#8221; success_message=&#8221;Wiadomo\u015b\u0107 wys\u0142ana pomy\u015blnie&#8221; submit_button_text=&#8221;Wy\u015blij&#8221; email=&#8221;ewa.szymocha@op.pl&#8221;][et_pb_contact_field field_title=&#8221;Nazwa&#8221; field_type=&#8221;input&#8221; field_id=&#8221;Name&#8221; required_mark=&#8221;on&#8221; fullwidth_field=&#8221;off&#8221; _builder_version=&#8221;3.0.95&#8243; checkbox_checked=&#8221;off&#8221; checkbox_options=&#8221;%91{%22value%22:%22Nazwa%22,%22checked%22:0}%93&#8243; radio_options=&#8221;%91{%22value%22:%22Nazwa%22,%22checked%22:0}%93&#8243; select_options=&#8221;%91{%22value%22:%22Nazwa%22,%22checked%22:0}%93&#8243; min_length=&#8221;0&#8243; max_length=&#8221;0&#8243; allowed_symbols=&#8221;all&#8221; conditional_logic=&#8221;off&#8221; conditional_logic_relation=&#8221;off&#8221; conditional_logic_rules=&#8221;%91{%22field%22:%22email%22,%22condition%22:%22is%22,%22value%22:%22%22}%93&#8243; use_background_color_gradient=&#8221;off&#8221; background_color_gradient_start=&#8221;#2b87da&#8221; background_color_gradient_end=&#8221;#29c4a9&#8243; background_color_gradient_type=&#8221;linear&#8221; background_color_gradient_direction=&#8221;180deg&#8221; background_color_gradient_direction_radial=&#8221;center&#8221; background_color_gradient_start_position=&#8221;0%&#8221; background_color_gradient_end_position=&#8221;100%&#8221; background_color_gradient_overlays_image=&#8221;off&#8221; parallax=&#8221;off&#8221; parallax_method=&#8221;on&#8221; background_size=&#8221;cover&#8221; background_position=&#8221;center&#8221; background_repeat=&#8221;no-repeat&#8221; background_blend=&#8221;normal&#8221; allow_player_pause=&#8221;off&#8221; \/][et_pb_contact_field field_title=&#8221;Adres mejlowy&#8221; field_type=&#8221;email&#8221; field_id=&#8221;Email&#8221; required_mark=&#8221;on&#8221; fullwidth_field=&#8221;off&#8221; _builder_version=&#8221;3.0.95&#8243; \/][et_pb_contact_field field_title=&#8221;Wiadomo\u015b\u0107&#8221; field_type=&#8221;text&#8221; field_id=&#8221;Message&#8221; required_mark=&#8221;on&#8221; fullwidth_field=&#8221;on&#8221; _builder_version=&#8221;3.0.95&#8243; \/][\/et_pb_contact_form][\/et_pb_column][\/et_pb_row][\/et_pb_section][et_pb_section bb_built=&#8221;1&#8243; fullwidth=&#8221;off&#8221; specialty=&#8221;off&#8221; prev_background_color=&#8221;#e0e0e0&#8243;][et_pb_row][et_pb_column type=&#8221;4_4&#8243;][et_pb_text _builder_version=&#8221;3.0.95&#8243; background_layout=&#8221;light&#8221;]<\/p>\n<h1>Lokalizacja<\/h1>\n<p>[\/et_pb_text][\/et_pb_column][\/et_pb_row][et_pb_row][et_pb_column type=&#8221;1_2&#8243;][et_pb_text admin_label=&#8221;Mapa&#8221; _builder_version=&#8221;3.0.95&#8243; background_layout=&#8221;light&#8221;]<\/p>\n<p>\n<iframe loading=\"lazy\" style=\"border: 0;\" src=\"https:\/\/www.google.com\/maps\/embed?pb=!1m14!1m8!1m3!1d1681.236236871926!2d14.513601429407176!3d53.42149509576535!3m2!1i1024!2i768!4f13.1!3m3!1m2!1s0x0%3A0x7f5cd310d86af712!2sKwiaciarnia+%22Bratek%22!5e0!3m2!1spl!2spl!4v1515747029725\" width=\"510\" height=\"324\" frameborder=\"0\" allowfullscreen=\"allowfullscreen\"><\/iframe><\/p>\n<p>[\/et_pb_text][\/et_pb_column][et_pb_column type=&#8221;1_2&#8243;][et_pb_image _builder_version=&#8221;3.19.12&#8243; src=&#8221;\/wp-content\/uploads\/2017\/01\/20170127_132943-1.jpg&#8221; \/][\/et_pb_column][\/et_pb_row][\/et_pb_section]<\/p>\n","protected":false},"excerpt":{"rendered":"<p>Akcja promocyjna Na has\u0142o BRATEK przy zam\u00f3wieniu wi\u0105zanek lub wie\u0144c\u00f3w 10% rabatu. <div class=\"et_pb_row et_pb_row_0 et_pb_row_empty\">\n\t\t\t\t\n\t\t\t\t\n\t\t\t\t\n\t\t\t\t\n\t\t\t\t\n\t\t\t<\/div> Witamy w kwiaciarni &#8222;Bratek&#8221; Nasi klienci maj\u0105 szeroki wyb\u00f3r wi\u0105zanek okoliczno\u015bciowych m.in.: wie\u0144ce pogrzebowe koszt od 250 z\u0142 wi\u0105zanki pogrzebowe koszt od 120 z\u0142 kwiaty i wi\u0105zanki okoliczno\u015bciowe kwiaty rabatowe i balkonowe kwiaty, wie\u0144ce sztuczne stroiki sztuczne i naturalne du\u017cy wyb\u00f3r zniczy [&hellip;]<\/p>\n","protected":false},"author":1,"featured_media":0,"parent":0,"menu_order":0,"comment_status":"open","ping_status":"open","template":"","meta":{"_et_pb_use_builder":"on","_et_pb_old_content":"<p style=\"text-align: center;\"><strong><span style=\"color: red;\">Akcja promocyjna na has\u0142o BRATEK przy zam\u00f3wieniu wi\u0105zanek lub wie\u0144c\u00f3w 10% rabatu.<\/span><\/strong><\/p><p>\u00a0<\/p><p>Witamy w kwiaciarni \"Bratek\"<\/p><p>Nasi klienci maj\u0105 szeroki wyb\u00f3r wi\u0105zanek okoliczno\u015bciowych m.in.:<\/p><ul><li>wie\u0144ce pogrzebowe koszt od 250 z\u0142<\/li><li>wi\u0105zanki pogrzebowe koszt od 120 z\u0142<\/li><li>kwiaty i wi\u0105zanki okoliczno\u015bciowe<\/li><li>kwiaty rabatowe i balkonowe<\/li><li>kwiaty, wie\u0144ce sztuczne<\/li><li>stroiki sztuczne i naturalne<\/li><li>du\u017cy wyb\u00f3r zniczy oraz wk\u0142ad\u00f3w<\/li><li>ample<\/li><li>kwiaty doniczkowe<\/li><\/ul><p>Zapraszamy do naszej galerii.<\/p><p>Kwiaciarnia \"Bratek\"<\/p><p>W\u0142a\u015bciciel Ewa Szymocha<\/p>","_et_gb_content_width":"","footnotes":""},"class_list":["post-2","page","type-page","status-publish","hentry"],"aioseo_notices":[],"_links":{"self":[{"href":"https:\/\/kwiaciarniabratek.szczecin.pl\/index.php?rest_route=\/wp\/v2\/pages\/2","targetHints":{"allow":["GET"]}}],"collection":[{"href":"https:\/\/kwiaciarniabratek.szczecin.pl\/index.php?rest_route=\/wp\/v2\/pages"}],"about":[{"href":"https:\/\/kwiaciarniabratek.szczecin.pl\/index.php?rest_route=\/wp\/v2\/types\/page"}],"author":[{"embeddable":true,"href":"https:\/\/kwiaciarniabratek.szczecin.pl\/index.php?rest_route=\/wp\/v2\/users\/1"}],"replies":[{"embeddable":true,"href":"https:\/\/kwiaciarniabratek.szczecin.pl\/index.php?rest_route=%2Fwp%2Fv2%2Fcomments&post=2"}],"version-history":[{"count":74,"href":"https:\/\/kwiaciarniabratek.szczecin.pl\/index.php?rest_route=\/wp\/v2\/pages\/2\/revisions"}],"predecessor-version":[{"id":309,"href":"https:\/\/kwiaciarniabratek.szczecin.pl\/index.php?rest_route=\/wp\/v2\/pages\/2\/revisions\/309"}],"wp:attachment":[{"href":"https:\/\/kwiaciarniabratek.szczecin.pl\/index.php?rest_route=%2Fwp%2Fv2%2Fmedia&parent=2"}],"curies":[{"name":"wp","href":"https:\/\/api.w.org\/{rel}","templated":true}]}}